{"id":3450,"date":"2021-12-03T11:54:46","date_gmt":"2021-12-03T11:54:46","guid":{"rendered":"https:\/\/www.bluemater.com\/trinkwasserproduktion\/"},"modified":"2021-12-16T09:31:33","modified_gmt":"2021-12-16T09:31:33","slug":"trinkwasserproduktion","status":"publish","type":"page","link":"https:\/\/www.bluemater.com\/de\/trinkwasserproduktion\/","title":{"rendered":"Trinkwasser"},"content":{"rendered":"\t\t<div data-elementor-type=\"wp-page\" data-elementor-id=\"3450\" class=\"elementor elementor-3450 elementor-3304\" data-elementor-settings=\"[]\">\n\t\t\t\t\t\t<div class=\"elementor-inner\">\n\t\t\t\t\t\t\t<div class=\"elementor-section-wrap\">\n\t\t\t\t\t\t\t<section class=\"elementor-section elementor-top-section elementor-element elementor-element-28bdda4 elementor-section-height-min-height elementor-section-items-bottom elementor-section-boxed elementor-section-height-default\" data-id=\"28bdda4\" data-element_type=\"section\" data-settings=\"{&quot;background_background&quot;:&quot;classic&quot;}\">\n\t\t\t\t\t\t\t<div class=\"elementor-background-overlay\"><\/div>\n\t\t\t\t\t\t\t<div class=\"elementor-container elementor-column-gap-default\">\n\t\t\t\t\t\t\t<div class=\"elementor-row\">\n\t\t\t\t\t<div class=\"elementor-column elementor-col-100 elementor-top-column elementor-element elementor-element-dd18dfc\" data-id=\"dd18dfc\" data-element_type=\"column\">\n\t\t\t<div class=\"elementor-column-wrap elementor-element-populated\">\n\t\t\t\t\t\t\t<div class=\"elementor-widget-wrap\">\n\t\t\t\t\t\t<div class=\"elementor-element elementor-element-163f83f elementor-widget elementor-widget-heading\" data-id=\"163f83f\" data-element_type=\"widget\" data-widget_type=\"heading.default\">\n\t\t\t\t<div class=\"elementor-widget-container\">\n\t\t\t<h1 class=\"elementor-heading-title elementor-size-default\">Trinkwasserproduktion - Entsalzung und Ultrafiltration<\/h1>\t\t<\/div>\n\t\t\t\t<\/div>\n\t\t\t\t\t\t<\/div>\n\t\t\t\t\t<\/div>\n\t\t<\/div>\n\t\t\t\t\t\t\t\t<\/div>\n\t\t\t\t\t<\/div>\n\t\t<\/section>\n\t\t\t\t<section class=\"elementor-section elementor-top-section elementor-element elementor-element-3c14ad6 elementor-section-boxed elementor-section-height-default elementor-section-height-default\" data-id=\"3c14ad6\" data-element_type=\"section\" data-settings=\"{&quot;background_background&quot;:&quot;classic&quot;}\">\n\t\t\t\t\t\t<div class=\"elementor-container elementor-column-gap-default\">\n\t\t\t\t\t\t\t<div class=\"elementor-row\">\n\t\t\t\t\t<div class=\"elementor-column elementor-col-100 elementor-top-column elementor-element elementor-element-03ac27a\" data-id=\"03ac27a\" data-element_type=\"column\">\n\t\t\t<div class=\"elementor-column-wrap elementor-element-populated\">\n\t\t\t\t\t\t\t<div class=\"elementor-widget-wrap\">\n\t\t\t\t\t\t<div class=\"elementor-element elementor-element-bb57dcd elementor-widget elementor-widget-text-editor\" data-id=\"bb57dcd\" data-element_type=\"widget\" data-widget_type=\"text-editor.default\">\n\t\t\t\t<div class=\"elementor-widget-container\">\n\t\t\t\t\t\t\t\t<div class=\"elementor-text-editor elementor-clearfix\">\n\t\t\t\t<p>Leitungswasser ist normalerweise nicht trinkbar. Bevor es aus dem Wasserhahn sprudelt, hat das Wasser einen langen Weg in der <strong>Trinkwasserproduktion<\/strong> hinter sich. Erst durch technologische Aufbereitung wird es zu Trinkwasser.<\/p>\n<p>BLUEMATER bietet den Betreibern hohe Qualit\u00e4t, um hochwertiges Trinkwasser f\u00fcr den Bedarf anderer Unternehmen und privater Haushalte zu produzieren.<\/p>\n\t\t\t\t\t<\/div>\n\t\t\t\t\t\t<\/div>\n\t\t\t\t<\/div>\n\t\t\t\t<div class=\"elementor-element elementor-element-e3cf818 elementor-align-center elementor-widget elementor-widget-button\" data-id=\"e3cf818\" data-element_type=\"widget\" data-widget_type=\"button.default\">\n\t\t\t\t<div class=\"elementor-widget-container\">\n\t\t\t\t\t<div class=\"elementor-button-wrapper\">\n\t\t\t<a href=\"https:\/\/www.bluemater.com\/contacts\/\" target=\"_blank\" class=\"elementor-button-link elementor-button elementor-size-sm\" role=\"button\">\n\t\t\t\t\t\t<span class=\"elementor-button-content-wrapper\">\n\t\t\t\t\t\t<span class=\"elementor-button-text\">Kontakt aufnehmen<\/span>\n\t\t<\/span>\n\t\t\t\t\t<\/a>\n\t\t<\/div>\n\t\t\t\t<\/div>\n\t\t\t\t<\/div>\n\t\t\t\t<div class=\"elementor-element elementor-element-2b754ea ee-posts-thumbnail-ratio ee-media-effect__content--fade-in ee-grid-columns-3 ee-grid-columns-tablet-2 ee-grid-columns-mobile-1 ee-grid-align--stretch ee-grid-halign--left ee-posts-align-top elementor-widget elementor-widget-posts-extra\" data-id=\"2b754ea\" data-element_type=\"widget\" data-settings=\"{&quot;columns&quot;:&quot;3&quot;,&quot;columns_tablet&quot;:&quot;2&quot;,&quot;columns_mobile&quot;:&quot;1&quot;,&quot;classic_layout&quot;:&quot;default&quot;,&quot;classic_grid_columns_spacing&quot;:{&quot;unit&quot;:&quot;px&quot;,&quot;size&quot;:24,&quot;sizes&quot;:[]},&quot;classic_grid_columns_spacing_tablet&quot;:{&quot;unit&quot;:&quot;px&quot;,&quot;size&quot;:12,&quot;sizes&quot;:[]},&quot;classic_grid_columns_spacing_mobile&quot;:{&quot;unit&quot;:&quot;px&quot;,&quot;size&quot;:0,&quot;sizes&quot;:[]}}\" data-widget_type=\"posts-extra.classic\">\n\t\t\t\t<div class=\"elementor-widget-container\">\n\t\t\t<div class=\"ee-posts__nothing-found\">It seems we can't find what you're looking for.<\/div>\t\t<\/div>\n\t\t\t\t<\/div>\n\t\t\t\t\t\t<\/div>\n\t\t\t\t\t<\/div>\n\t\t<\/div>\n\t\t\t\t\t\t\t\t<\/div>\n\t\t\t\t\t<\/div>\n\t\t<\/section>\n\t\t\t\t<section class=\"elementor-section elementor-top-section elementor-element elementor-element-546333c elementor-section-boxed elementor-section-height-default elementor-section-height-default\" data-id=\"546333c\" data-element_type=\"section\">\n\t\t\t\t\t\t<div class=\"elementor-container elementor-column-gap-default\">\n\t\t\t\t\t\t\t<div class=\"elementor-row\">\n\t\t\t\t\t<div class=\"elementor-column elementor-col-100 elementor-top-column elementor-element elementor-element-35a2c34\" data-id=\"35a2c34\" data-element_type=\"column\">\n\t\t\t<div class=\"elementor-column-wrap elementor-element-populated\">\n\t\t\t\t\t\t\t<div class=\"elementor-widget-wrap\">\n\t\t\t\t\t\t<div class=\"elementor-element elementor-element-34bfb96 elementor-widget elementor-widget-heading\" data-id=\"34bfb96\" data-element_type=\"widget\" data-widget_type=\"heading.default\">\n\t\t\t\t<div class=\"elementor-widget-container\">\n\t\t\t<h2 class=\"elementor-heading-title elementor-size-default\">Trinkwasserproduktion - FAQ<\/h2>\t\t<\/div>\n\t\t\t\t<\/div>\n\t\t\t\t<div class=\"elementor-element elementor-element-a0f3958 elementor-widget elementor-widget-accordion\" data-id=\"a0f3958\" data-element_type=\"widget\" data-widget_type=\"accordion.default\">\n\t\t\t\t<div class=\"elementor-widget-container\">\n\t\t\t\t\t<div class=\"elementor-accordion\" role=\"tablist\">\n\t\t\t\t\t\t\t<div class=\"elementor-accordion-item\">\n\t\t\t\t\t<div id=\"elementor-tab-title-1681\" class=\"elementor-tab-title\" data-tab=\"1\" role=\"tab\" aria-controls=\"elementor-tab-content-1681\" aria-expanded=\"false\">\n\t\t\t\t\t\t\t\t\t\t\t\t\t<span class=\"elementor-accordion-icon elementor-accordion-icon-left\" aria-hidden=\"true\">\n\t\t\t\t\t\t\t\t\t\t\t\t\t\t\t<span class=\"elementor-accordion-icon-closed\"><i class=\"fas fa-plus\"><\/i><\/span>\n\t\t\t\t\t\t\t\t<span class=\"elementor-accordion-icon-opened\"><i class=\"fas fa-minus\"><\/i><\/span>\n\t\t\t\t\t\t\t\t\t\t\t\t\t\t<\/span>\n\t\t\t\t\t\t\t\t\t\t\t\t<a class=\"elementor-accordion-title\" href=\"\">Ab wann ist Wasser Trinkwasser?<\/a>\n\t\t\t\t\t<\/div>\n\t\t\t\t\t<div id=\"elementor-tab-content-1681\" class=\"elementor-tab-content elementor-clearfix\" data-tab=\"1\" role=\"tabpanel\" aria-labelledby=\"elementor-tab-title-1681\"><p>Trinkwasser kann aus allen fl\u00fcssigen Quellen wie Seen, Fl\u00fcssen, Grundwasser oder Meerwasser gewonnen werden. Die Normen f\u00fcr Trinkwasser werden von der WHO festgelegt. Die Trinkwasserproduktion ist eines der am st\u00e4rksten kontrollierten Verbraucherprodukte.<\/p>\n<p>Eine kurze Zusammenfassung was genau kontrolliert wird: Es ist von grundlegender Bedeutung, dass das Trinkwasser frei von Schwebstoffen, Mikroorganismen und giftigen Chemikalien ist. Die Mineralienkonzentration ist in jedem Land unterschiedlich, solange gew\u00e4hrleistet ist, dass das Trinkwasser ausgewogen und angenehm ist.<\/p>\n<\/div>\n\t\t\t\t<\/div>\n\t\t\t\t\t\t\t<div class=\"elementor-accordion-item\">\n\t\t\t\t\t<div id=\"elementor-tab-title-1682\" class=\"elementor-tab-title\" data-tab=\"2\" role=\"tab\" aria-controls=\"elementor-tab-content-1682\" aria-expanded=\"false\">\n\t\t\t\t\t\t\t\t\t\t\t\t\t<span class=\"elementor-accordion-icon elementor-accordion-icon-left\" aria-hidden=\"true\">\n\t\t\t\t\t\t\t\t\t\t\t\t\t\t\t<span class=\"elementor-accordion-icon-closed\"><i class=\"fas fa-plus\"><\/i><\/span>\n\t\t\t\t\t\t\t\t<span class=\"elementor-accordion-icon-opened\"><i class=\"fas fa-minus\"><\/i><\/span>\n\t\t\t\t\t\t\t\t\t\t\t\t\t\t<\/span>\n\t\t\t\t\t\t\t\t\t\t\t\t<a class=\"elementor-accordion-title\" href=\"\">Was ist Umkehrosmose?<\/a>\n\t\t\t\t\t<\/div>\n\t\t\t\t\t<div id=\"elementor-tab-content-1682\" class=\"elementor-tab-content elementor-clearfix\" data-tab=\"2\" role=\"tabpanel\" aria-labelledby=\"elementor-tab-title-1682\"><p>Die Umkehrosmose dient der Wasserentsalzung und der Behandlung stark verschmutzter Industrieabw\u00e4sser. Hinter dieser Technologie, die einen Gro\u00dfteil der Verunreinigungen aus dem Wasser entfernt, wird das Wasser unter Druck durch eine halbdurchl\u00e4ssige Membran gepresst wird.<\/p>\n<p>Osmose ist ein nat\u00fcrliches und wichtiges Ph\u00e4nomen in der Natur. Man spricht von Osmose, wenn eine schw\u00e4chere Salzl\u00f6sung dazu neigt, in eine st\u00e4rkere Salzl\u00f6sung \u00fcberzugehen. Ein g\u00e4ngiges Beispiel ist die Aufnahme von Wasser durch Pflanzenwurzeln aus dem Boden.<\/p>\n<p>Bei der Umkehrosmose flie\u00dft das Wasser von der h\u00f6her konzentrierten Seite (st\u00e4rkere Verschmutzung) zur niedriger konzentrierten Seite (geringere Verschmutzung) und liefert so sauberes Trinkwasser. Das Ergebnis dieses Ph\u00e4nomens ist einerseits sauberes Wasser (Permeation) und andererseits das \u00fcbrig gebliebene verunreinigte Wasser (Abfall\/Sole).<\/p>\n<p>W\u00e4hrend Osmose nat\u00fcrlich ohne zus\u00e4tzliche Energie auftritt, ist f\u00fcr die Umkehrosmose weitere Energie notwendig. Dazu wird eine Umkehrosmose-Membran verwendet, die zwar die Wassermolek\u00fcle, nicht aber den Gro\u00dfteil der gel\u00f6sten Salze, Bakterien und anderen Bestandteile durchl\u00e4sst.<\/p>\n<p>Die Umkehrosmose funktioniert, indem eine Hochdruckpumpe auf der Salzseite eingesetzt wird, um das Wasser durch die Umkehrosmose-Membran zu dr\u00fccken, wobei etwa 95-99 % der Salze nicht durchgelassen werden.<\/p>\n<\/div>\n\t\t\t\t<\/div>\n\t\t\t\t\t\t\t<div class=\"elementor-accordion-item\">\n\t\t\t\t\t<div id=\"elementor-tab-title-1683\" class=\"elementor-tab-title\" data-tab=\"3\" role=\"tab\" aria-controls=\"elementor-tab-content-1683\" aria-expanded=\"false\">\n\t\t\t\t\t\t\t\t\t\t\t\t\t<span class=\"elementor-accordion-icon elementor-accordion-icon-left\" aria-hidden=\"true\">\n\t\t\t\t\t\t\t\t\t\t\t\t\t\t\t<span class=\"elementor-accordion-icon-closed\"><i class=\"fas fa-plus\"><\/i><\/span>\n\t\t\t\t\t\t\t\t<span class=\"elementor-accordion-icon-opened\"><i class=\"fas fa-minus\"><\/i><\/span>\n\t\t\t\t\t\t\t\t\t\t\t\t\t\t<\/span>\n\t\t\t\t\t\t\t\t\t\t\t\t<a class=\"elementor-accordion-title\" href=\"\">Welche Verunreinigungen werden durch die Umkehrosmose aus dem Wasser entfernt?<\/a>\n\t\t\t\t\t<\/div>\n\t\t\t\t\t<div id=\"elementor-tab-content-1683\" class=\"elementor-tab-content elementor-clearfix\" data-tab=\"3\" role=\"tabpanel\" aria-labelledby=\"elementor-tab-title-1683\"><p>Umkehrosmosemembranen lehnen Verunreinigungen aufgrund ihrer Gr\u00f6\u00dfe und Ladung ab. Die Umkehrosmose kann gel\u00f6ste Ionen entfernen, wie z.B.: Arsen, Antimon, Aluminium, Barium, Chlorid, Fluorid, Eisen, Nitrat, Silber, Natrium, Thallium, Radium und bestimmte Pestizide wie Endrin, Heptachlor und sogar Partikel wie Asbestfasern.<\/p>\n<p>Es gibt jedoch auch einige Schadstoffe, die die Umkehrosmose nicht aus dem Wasser entfernen kann: organische Verbindungen, bakterielle Mikroorganismen und Methan. Deshalb ist es wichtig, gel\u00f6ste Gase vor dem Umkehrosmose-Prozess zu entfernen.<\/p>\n<p>Das bedeutet, dass die Umkehrosmose-Membrane allein nicht die einzige L\u00f6sung f\u00fcr die vollst\u00e4ndige Beseitigung aller Arten von Verunreinigungen sein kann.<\/p>\n<\/div>\n\t\t\t\t<\/div>\n\t\t\t\t\t\t\t<div class=\"elementor-accordion-item\">\n\t\t\t\t\t<div id=\"elementor-tab-title-1684\" class=\"elementor-tab-title\" data-tab=\"4\" role=\"tab\" aria-controls=\"elementor-tab-content-1684\" aria-expanded=\"false\">\n\t\t\t\t\t\t\t\t\t\t\t\t\t<span class=\"elementor-accordion-icon elementor-accordion-icon-left\" aria-hidden=\"true\">\n\t\t\t\t\t\t\t\t\t\t\t\t\t\t\t<span class=\"elementor-accordion-icon-closed\"><i class=\"fas fa-plus\"><\/i><\/span>\n\t\t\t\t\t\t\t\t<span class=\"elementor-accordion-icon-opened\"><i class=\"fas fa-minus\"><\/i><\/span>\n\t\t\t\t\t\t\t\t\t\t\t\t\t\t<\/span>\n\t\t\t\t\t\t\t\t\t\t\t\t<a class=\"elementor-accordion-title\" href=\"\">Was ist ein Ultrafiltrationsmembransystem?<\/a>\n\t\t\t\t\t<\/div>\n\t\t\t\t\t<div id=\"elementor-tab-content-1684\" class=\"elementor-tab-content elementor-clearfix\" data-tab=\"4\" role=\"tabpanel\" aria-labelledby=\"elementor-tab-title-1684\"><p>Ultrafiltrationsmembransysteme sind f\u00fcr die Aufbereitung von Trinkwasser oder Abwasser geeignet. Dies umfasst automatische Clean-in-Place (CIP)-Verfahren und eine fortschrittliche Desinfektion.<\/p>\n<p>Beim CIP-Verfahren wird eine Reinigungsfl\u00fcssigkeit \u00fcber eine Oberfl\u00e4che geleitet, um Produktschmutz zu entfernen. Dabei erfordert CIP keinen Ausbau oder keine Demontage der Anlage.<\/p>\n<p>Das Ultrafiltrationsmembransystem wird f\u00fcr Trinkwasser mit hohem Feststoffgehalt, organischen Stoffen und Abw\u00e4ssern verwendet, die eine hochentwickelte Behandlung ben\u00f6tigen.<\/p>\n<\/div>\n\t\t\t\t<\/div>\n\t\t\t\t\t\t\t<div class=\"elementor-accordion-item\">\n\t\t\t\t\t<div id=\"elementor-tab-title-1685\" class=\"elementor-tab-title\" data-tab=\"5\" role=\"tab\" aria-controls=\"elementor-tab-content-1685\" aria-expanded=\"false\">\n\t\t\t\t\t\t\t\t\t\t\t\t\t<span class=\"elementor-accordion-icon elementor-accordion-icon-left\" aria-hidden=\"true\">\n\t\t\t\t\t\t\t\t\t\t\t\t\t\t\t<span class=\"elementor-accordion-icon-closed\"><i class=\"fas fa-plus\"><\/i><\/span>\n\t\t\t\t\t\t\t\t<span class=\"elementor-accordion-icon-opened\"><i class=\"fas fa-minus\"><\/i><\/span>\n\t\t\t\t\t\t\t\t\t\t\t\t\t\t<\/span>\n\t\t\t\t\t\t\t\t\t\t\t\t<a class=\"elementor-accordion-title\" href=\"\">F\u00fcr welche Unternehmen\/Industrien\/Institutionen sind die Produkte von BLUEMATER geeignet?<\/a>\n\t\t\t\t\t<\/div>\n\t\t\t\t\t<div id=\"elementor-tab-content-1685\" class=\"elementor-tab-content elementor-clearfix\" data-tab=\"5\" role=\"tabpanel\" aria-labelledby=\"elementor-tab-title-1685\"><p>BLUEMATER bietet Trinkwasserproduktionen f\u00fcr verschiedene Unternehmensgr\u00f6\u00dfen, Branchen und Bed\u00fcrfnisse. Die meisten unserer Kunden sind:<\/p>\n<ul>\n<li>Verursacher von Verschmutzungen im Allgemeinen (Zement-, Zellstoff-, Lebensmittelindustrie, etc.);<\/li>\n<li>St\u00e4dte und Gemeinden,<\/li>\n<li>Privathaushalte,<\/li>\n<li>Kl\u00e4ranlagen,<\/li>\n<li>M\u00fclldeponien.<\/li>\n<\/ul>\n<\/div>\n\t\t\t\t<\/div>\n\t\t\t\t\t\t\t<div class=\"elementor-accordion-item\">\n\t\t\t\t\t<div id=\"elementor-tab-title-1686\" class=\"elementor-tab-title\" data-tab=\"6\" role=\"tab\" aria-controls=\"elementor-tab-content-1686\" aria-expanded=\"false\">\n\t\t\t\t\t\t\t\t\t\t\t\t\t<span class=\"elementor-accordion-icon elementor-accordion-icon-left\" aria-hidden=\"true\">\n\t\t\t\t\t\t\t\t\t\t\t\t\t\t\t<span class=\"elementor-accordion-icon-closed\"><i class=\"fas fa-plus\"><\/i><\/span>\n\t\t\t\t\t\t\t\t<span class=\"elementor-accordion-icon-opened\"><i class=\"fas fa-minus\"><\/i><\/span>\n\t\t\t\t\t\t\t\t\t\t\t\t\t\t<\/span>\n\t\t\t\t\t\t\t\t\t\t\t\t<a class=\"elementor-accordion-title\" href=\"\">Was ist das Besondere an der Trinkwasserproduktion von BLUEMATER?<\/a>\n\t\t\t\t\t<\/div>\n\t\t\t\t\t<div id=\"elementor-tab-content-1686\" class=\"elementor-tab-content elementor-clearfix\" data-tab=\"6\" role=\"tabpanel\" aria-labelledby=\"elementor-tab-title-1686\"><p>Wir sind sehr stolz darauf, die folgenden Besonderheiten anbieten zu k\u00f6nnen:<\/p>\n<ol>\n<li>Chemiefrei &#8211; nur nat\u00fcrliche Komponenten werden verwendet<\/li>\n<li>Modulare und platzsparende Architektur<\/li>\n<li>Geringere Betriebskosten und Investitionskosten<\/li>\n<\/ol>\n<\/div>\n\t\t\t\t<\/div>\n\t\t\t\t\t\t\t\t<\/div>\n\t\t\t\t<\/div>\n\t\t\t\t<\/div>\n\t\t\t\t\t\t<\/div>\n\t\t\t\t\t<\/div>\n\t\t<\/div>\n\t\t\t\t\t\t\t\t<\/div>\n\t\t\t\t\t<\/div>\n\t\t<\/section>\n\t\t\t\t<section class=\"elementor-section elementor-top-section elementor-element elementor-element-973e9f4 elementor-section-boxed elementor-section-height-default elementor-section-height-default\" data-id=\"973e9f4\" data-element_type=\"section\">\n\t\t\t\t\t\t<div class=\"elementor-container elementor-column-gap-default\">\n\t\t\t\t\t\t\t<div class=\"elementor-row\">\n\t\t\t\t\t<div class=\"elementor-column elementor-col-100 elementor-top-column elementor-element elementor-element-f715fb5\" data-id=\"f715fb5\" data-element_type=\"column\">\n\t\t\t<div class=\"elementor-column-wrap\">\n\t\t\t\t\t\t\t<div class=\"elementor-widget-wrap\">\n\t\t\t\t\t\t\t\t<\/div>\n\t\t\t\t\t<\/div>\n\t\t<\/div>\n\t\t\t\t\t\t\t\t<\/div>\n\t\t\t\t\t<\/div>\n\t\t<\/section>\n\t\t\t\t<section class=\"elementor-section elementor-top-section elementor-element elementor-element-14e2f21 elementor-section-boxed elementor-section-height-default elementor-section-height-default\" data-id=\"14e2f21\" data-element_type=\"section\">\n\t\t\t\t\t\t<div class=\"elementor-container elementor-column-gap-default\">\n\t\t\t\t\t\t\t<div class=\"elementor-row\">\n\t\t\t\t\t<div class=\"elementor-column elementor-col-50 elementor-top-column elementor-element elementor-element-b4ee173\" data-id=\"b4ee173\" data-element_type=\"column\">\n\t\t\t<div class=\"elementor-column-wrap elementor-element-populated\">\n\t\t\t\t\t\t\t<div class=\"elementor-widget-wrap\">\n\t\t\t\t\t\t<div class=\"elementor-element elementor-element-9932a39 elementor-widget elementor-widget-text-editor\" data-id=\"9932a39\" data-element_type=\"widget\" data-widget_type=\"text-editor.default\">\n\t\t\t\t<div class=\"elementor-widget-container\">\n\t\t\t\t\t\t\t\t<div class=\"elementor-text-editor elementor-clearfix\">\n\t\t\t\t<h2>Trinkwasserproduktion von BLUEMATER<\/h2>\n<p>Das Portfolio von BLUEMATER bietet L\u00f6sungen f\u00fcr verschiedene Probleme im Zusammenhang mit Wasser. Unsere Trinkwasseraufbereitungsanlagen k\u00f6nnen hervorragend an Ihre Bed\u00fcrfnisse und W\u00fcnsche angepasst werden.<\/p>\n<p>Wenn Sie an unseren Produkten interessiert sind oder weitere Informationen ben\u00f6tigen, kontaktieren Sie uns gerne!<\/p>\n\t\t\t\t\t<\/div>\n\t\t\t\t\t\t<\/div>\n\t\t\t\t<\/div>\n\t\t\t\t\t\t<\/div>\n\t\t\t\t\t<\/div>\n\t\t<\/div>\n\t\t\t\t<div class=\"elementor-column elementor-col-50 elementor-top-column elementor-element elementor-element-38ebc73\" data-id=\"38ebc73\" data-element_type=\"column\">\n\t\t\t<div class=\"elementor-column-wrap elementor-element-populated\">\n\t\t\t\t\t\t\t<div class=\"elementor-widget-wrap\">\n\t\t\t\t\t\t<div class=\"elementor-element elementor-element-794dad5 elementor-widget elementor-widget-spacer\" data-id=\"794dad5\" data-element_type=\"widget\" data-widget_type=\"spacer.default\">\n\t\t\t\t<div class=\"elementor-widget-container\">\n\t\t\t\t\t<div class=\"elementor-spacer\">\n\t\t\t<div class=\"elementor-spacer-inner\"><\/div>\n\t\t<\/div>\n\t\t\t\t<\/div>\n\t\t\t\t<\/div>\n\t\t\t\t<div class=\"elementor-element elementor-element-101df1f elementor-align-left elementor-widget elementor-widget-button\" data-id=\"101df1f\" data-element_type=\"widget\" data-widget_type=\"button.default\">\n\t\t\t\t<div class=\"elementor-widget-container\">\n\t\t\t\t\t<div class=\"elementor-button-wrapper\">\n\t\t\t<a href=\"https:\/\/www.bluemater.com\/contacts\/\" target=\"_blank\" class=\"elementor-button-link elementor-button elementor-size-sm\" role=\"button\">\n\t\t\t\t\t\t<span class=\"elementor-button-content-wrapper\">\n\t\t\t\t\t\t<span class=\"elementor-button-text\">Kontakt aufnehmen<\/span>\n\t\t<\/span>\n\t\t\t\t\t<\/a>\n\t\t<\/div>\n\t\t\t\t<\/div>\n\t\t\t\t<\/div>\n\t\t\t\t\t\t<\/div>\n\t\t\t\t\t<\/div>\n\t\t<\/div>\n\t\t\t\t\t\t\t\t<\/div>\n\t\t\t\t\t<\/div>\n\t\t<\/section>\n\t\t\t\t\t\t<\/div>\n\t\t\t\t\t\t<\/div>\n\t\t\t\t\t<\/div>\n\t\t","protected":false},"excerpt":{"rendered":"<p>Trinkwasserproduktion &#8211; Entsalzung und Ultrafiltration Leitungswasser ist normalerweise nicht trinkbar. Bevor es aus dem Wasserhahn sprudelt, hat das Wasser einen langen Weg in der Trinkwasserproduktion hinter sich. Erst durch technologische Aufbereitung wird es zu Trinkwasser. BLUEMATER bietet den Betreibern hohe Qualit\u00e4t, um hochwertiges Trinkwasser f\u00fcr den Bedarf anderer Unternehmen und privater Haushalte zu produzieren. Kontakt [&hellip;]<\/p>\n","protected":false},"author":2,"featured_media":3438,"parent":0,"menu_order":0,"comment_status":"closed","ping_status":"closed","template":"","meta":[],"acf":[],"_links":{"self":[{"href":"https:\/\/www.bluemater.com\/de\/wp-json\/wp\/v2\/pages\/3450"}],"collection":[{"href":"https:\/\/www.bluemater.com\/de\/wp-json\/wp\/v2\/pages"}],"about":[{"href":"https:\/\/www.bluemater.com\/de\/wp-json\/wp\/v2\/types\/page"}],"author":[{"embeddable":true,"href":"https:\/\/www.bluemater.com\/de\/wp-json\/wp\/v2\/users\/2"}],"replies":[{"embeddable":true,"href":"https:\/\/www.bluemater.com\/de\/wp-json\/wp\/v2\/comments?post=3450"}],"version-history":[{"count":6,"href":"https:\/\/www.bluemater.com\/de\/wp-json\/wp\/v2\/pages\/3450\/revisions"}],"predecessor-version":[{"id":3693,"href":"https:\/\/www.bluemater.com\/de\/wp-json\/wp\/v2\/pages\/3450\/revisions\/3693"}],"wp:featuredmedia":[{"embeddable":true,"href":"https:\/\/www.bluemater.com\/de\/wp-json\/wp\/v2\/media\/3438"}],"wp:attachment":[{"href":"https:\/\/www.bluemater.com\/de\/wp-json\/wp\/v2\/media?parent=3450"}],"curies":[{"name":"wp","href":"https:\/\/api.w.org\/{rel}","templated":true}]}}