{"id":1305,"date":"2019-08-07T09:47:15","date_gmt":"2019-08-07T09:47:15","guid":{"rendered":"https:\/\/www.bluemater.com\/equipamentos\/tratamento-de-aguas-residuais\/"},"modified":"2019-08-14T12:07:59","modified_gmt":"2019-08-14T12:07:59","slug":"tratamento-de-aguas-residuais","status":"publish","type":"page","link":"https:\/\/www.bluemater.com\/pt-pt\/tratamento-de-aguas-residuais\/","title":{"rendered":"\u00c1guas Residuais"},"content":{"rendered":"\t\t<div data-elementor-type=\"wp-page\" data-elementor-id=\"1305\" class=\"elementor elementor-1305 elementor-158\" data-elementor-settings=\"[]\">\n\t\t\t\t\t\t<div class=\"elementor-inner\">\n\t\t\t\t\t\t\t<div class=\"elementor-section-wrap\">\n\t\t\t\t\t\t\t<section class=\"elementor-section elementor-top-section elementor-element elementor-element-22fd25f elementor-section-height-min-height elementor-section-items-bottom elementor-section-content-middle elementor-section-boxed elementor-section-height-default\" data-id=\"22fd25f\" data-element_type=\"section\" data-settings=\"{&quot;background_background&quot;:&quot;classic&quot;}\">\n\t\t\t\t\t\t<div class=\"elementor-container elementor-column-gap-default\">\n\t\t\t\t\t\t\t<div class=\"elementor-row\">\n\t\t\t\t\t<div class=\"elementor-column elementor-col-100 elementor-top-column elementor-element elementor-element-a9632db\" data-id=\"a9632db\" data-element_type=\"column\">\n\t\t\t<div class=\"elementor-column-wrap elementor-element-populated\">\n\t\t\t\t\t\t\t<div class=\"elementor-widget-wrap\">\n\t\t\t\t\t\t<div class=\"elementor-element elementor-element-ae7b24e elementor-widget elementor-widget-heading\" data-id=\"ae7b24e\" data-element_type=\"widget\" data-widget_type=\"heading.default\">\n\t\t\t\t<div class=\"elementor-widget-container\">\n\t\t\t<h5 class=\"elementor-heading-title elementor-size-default\"><a href=\"http:\/\/bluemater.raulpinadesign.pt\/equipments\/wastewater-treatment\/\">EQUIPAMENTOS<\/a><\/h5>\t\t<\/div>\n\t\t\t\t<\/div>\n\t\t\t\t\t\t<\/div>\n\t\t\t\t\t<\/div>\n\t\t<\/div>\n\t\t\t\t\t\t\t\t<\/div>\n\t\t\t\t\t<\/div>\n\t\t<\/section>\n\t\t\t\t<section class=\"elementor-section elementor-top-section elementor-element elementor-element-89e7ae0 elementor-section-boxed elementor-section-height-default elementor-section-height-default\" data-id=\"89e7ae0\" data-element_type=\"section\" data-settings=\"{&quot;background_background&quot;:&quot;classic&quot;}\">\n\t\t\t\t\t\t<div class=\"elementor-container elementor-column-gap-default\">\n\t\t\t\t\t\t\t<div class=\"elementor-row\">\n\t\t\t\t\t<div class=\"elementor-column elementor-col-100 elementor-top-column elementor-element elementor-element-6528907\" data-id=\"6528907\" data-element_type=\"column\">\n\t\t\t<div class=\"elementor-column-wrap elementor-element-populated\">\n\t\t\t\t\t\t\t<div class=\"elementor-widget-wrap\">\n\t\t\t\t\t\t<div class=\"elementor-element elementor-element-02ec178 ee-media-effect__content--fade-in ee-grid-columns-3 ee-grid-columns-tablet-2 ee-grid-columns-mobile-1 ee-grid-align--stretch ee-grid-halign--left ee-posts-align-top elementor-widget elementor-widget-posts-extra\" data-id=\"02ec178\" data-element_type=\"widget\" data-settings=\"{&quot;classic_filters&quot;:&quot;yes&quot;,&quot;columns&quot;:&quot;3&quot;,&quot;columns_tablet&quot;:&quot;2&quot;,&quot;columns_mobile&quot;:&quot;1&quot;,&quot;classic_layout&quot;:&quot;default&quot;,&quot;classic_grid_columns_spacing&quot;:{&quot;unit&quot;:&quot;px&quot;,&quot;size&quot;:24,&quot;sizes&quot;:[]},&quot;classic_grid_columns_spacing_tablet&quot;:{&quot;unit&quot;:&quot;px&quot;,&quot;size&quot;:12,&quot;sizes&quot;:[]},&quot;classic_grid_columns_spacing_mobile&quot;:{&quot;unit&quot;:&quot;px&quot;,&quot;size&quot;:0,&quot;sizes&quot;:[]}}\" data-widget_type=\"posts-extra.classic\">\n\t\t\t\t<div class=\"elementor-widget-container\">\n\t\t\t<div class=\"ee-grid ee-loop ee-grid--default\"><div class=\"ee-grid__item--sizer\"><\/div><div class=\"ee-grid__item ee-loop__item ee-filter-1\"><article class=\"ee-post post-1556 equipment type-equipment status-publish has-post-thumbnail hentry equipments_cat-aguas-residuais\"><a class=\"ee-media ee-post__media\" href=\"https:\/\/www.bluemater.com\/pt-pt\/equipment\/etar-algamater\/\"><div class=\"ee-post__media__thumbnail ee-media__thumbnail\"><img width=\"800\" height=\"273\" src=\"https:\/\/www.bluemater.com\/wp-content\/uploads\/2019\/04\/bluemater-algamater-1024x350.jpg\" class=\"attachment-large size-large\" alt=\"esta\u00e7\u00e3o de tratamento de \u00e1guas residuais\" \/><\/div><div class=\"ee-post__media__overlay ee-media__overlay\"><\/div><\/a><!-- .ee-post__media --><div class=\"ee-post__body ee-post__area\"><a href=\"https:\/\/www.bluemater.com\/pt-pt\/equipment\/etar-algamater\/\" class=\"ee-post__title\">\n\t\t\t<h2 class=\"ee-post__title__heading\">ETAR ALGAMATER<sup>\u00ae<\/sup><\/h2>\n\t\t<\/a><div class=\"ee-post__excerpt\">Esta\u00e7\u00e3o de Tratamento de \u00c1guas Residuais (ETAR) ALGAMATER\u00ae foi concebida pela\r\nBluemater para o tratamento de lixiviados altamente concentrados e \u00e1guas residuais\r\nindustriais, garantindo uma \u00f3ptima rela\u00e7\u00e3o custo\/benef\u00edcio.<\/div><\/div><!-- .ee-post__body --><\/article><!-- .ee-post --><\/div><!-- .ee-loop__item --><div class=\"ee-grid__item ee-loop__item ee-filter-1\"><article class=\"ee-post post-1619 equipment type-equipment status-publish has-post-thumbnail hentry equipments_cat-aguas-residuais\"><a class=\"ee-media ee-post__media\" href=\"https:\/\/www.bluemater.com\/pt-pt\/equipment\/flotador-vulcan\/\"><div class=\"ee-post__media__thumbnail ee-media__thumbnail\"><img width=\"800\" height=\"800\" src=\"https:\/\/www.bluemater.com\/wp-content\/uploads\/2019\/04\/2-vulcan.png\" class=\"attachment-large size-large\" alt=\"algamater - wastewater treatment\" \/><\/div><div class=\"ee-post__media__overlay ee-media__overlay\"><\/div><\/a><!-- .ee-post__media --><div class=\"ee-post__body ee-post__area\"><a href=\"https:\/\/www.bluemater.com\/pt-pt\/equipment\/flotador-vulcan\/\" class=\"ee-post__title\">\n\t\t\t<h2 class=\"ee-post__title__heading\">Flotador VULCAN<sup>\u00ae<\/sup><\/h2>\n\t\t<\/a><div class=\"ee-post__excerpt\">O Flotador VULCAN\u00ae incorpora um sistema inovador de liquefac\u00e7\u00e3o de espuma. Foi desenhado para evitar o uso de produtos qu\u00edmicos. Pode ser aplicado efectivamente na flota\u00e7\u00e3o de lamas, em Processos de Oxida\u00e7\u00e3o Avan\u00e7ada (POA) com ozono ou outro oxidante, e tamb\u00e9m como filtro biol\u00f3gico.<\/div><\/div><!-- .ee-post__body --><\/article><!-- .ee-post --><\/div><!-- .ee-loop__item --><div class=\"ee-grid__item ee-loop__item ee-filter-1\"><article class=\"ee-post post-1639 equipment type-equipment status-publish has-post-thumbnail hentry equipments_cat-aguas-residuais\"><a class=\"ee-media ee-post__media\" href=\"https:\/\/www.bluemater.com\/pt-pt\/equipment\/torre-biologica-syconwater\/\"><div class=\"ee-post__media__thumbnail ee-media__thumbnail\"><img width=\"712\" height=\"532\" src=\"https:\/\/www.bluemater.com\/wp-content\/uploads\/2019\/05\/sycon-destaque-1.jpg\" class=\"attachment-large size-large\" alt=\"SYCON\u00aewater Biological Tower\" \/><\/div><div class=\"ee-post__media__overlay ee-media__overlay\"><\/div><\/a><!-- .ee-post__media --><div class=\"ee-post__body ee-post__area\"><a href=\"https:\/\/www.bluemater.com\/pt-pt\/equipment\/torre-biologica-syconwater\/\" class=\"ee-post__title\">\n\t\t\t<h2 class=\"ee-post__title__heading\">Torre Biol\u00f3gica SYCON<sup>\u00ae<\/sup>water<\/h2>\n\t\t<\/a><div class=\"ee-post__excerpt\">A Torre Biol\u00f3gica SYCON\u00aewater \u00e9 um reactor de percola\u00e7\u00e3o desenvolvido pela Bluemater, constru\u00edda em poli\u00e9ster refor\u00e7ado a fibra de vidro (PRFV) e preenchida com o Biocubo NATANTIA\u00ae. Actua como filtro biol\u00f3gico no tratamento aer\u00f3bio de efluentes.<\/div><\/div><!-- .ee-post__body --><\/article><!-- .ee-post --><\/div><!-- .ee-loop__item --><div class=\"ee-grid__item ee-loop__item ee-filter-1\"><article class=\"ee-post post-1664 equipment type-equipment status-publish has-post-thumbnail hentry equipments_cat-aguas-residuais\"><a class=\"ee-media ee-post__media\" href=\"https:\/\/www.bluemater.com\/pt-pt\/equipment\/torre-biologica-syconcompact\/\"><div class=\"ee-post__media__thumbnail ee-media__thumbnail\"><img width=\"712\" height=\"532\" src=\"https:\/\/www.bluemater.com\/wp-content\/uploads\/2019\/05\/bluemater-sycon.png\" class=\"attachment-large size-large\" alt=\"sycon compact 100\" \/><\/div><div class=\"ee-post__media__overlay ee-media__overlay\"><\/div><\/a><!-- .ee-post__media --><div class=\"ee-post__body ee-post__area\"><a href=\"https:\/\/www.bluemater.com\/pt-pt\/equipment\/torre-biologica-syconcompact\/\" class=\"ee-post__title\">\n\t\t\t<h2 class=\"ee-post__title__heading\">Torre Biol\u00f3gica SYCON\u00aeCompact<\/h2>\n\t\t<\/a><div class=\"ee-post__excerpt\">A Torre Biol\u00f3gica SYCON\u00aecompact \u00e9 constru\u00edda em poli\u00e9ster refor\u00e7ado a fibra de vidro (PRFV) e preenchida com o Biocubo NATANTIA\u00ae.<\/div><\/div><!-- .ee-post__body --><\/article><!-- .ee-post --><\/div><!-- .ee-loop__item --><div class=\"ee-grid__item ee-loop__item ee-filter-1\"><article class=\"ee-post post-1682 equipment type-equipment status-publish has-post-thumbnail hentry equipments_cat-aguas-residuais equipments_cat-biorremediacao\"><a class=\"ee-media ee-post__media\" href=\"https:\/\/www.bluemater.com\/pt-pt\/equipment\/fotobiorreactor-green-dune\/\"><div class=\"ee-post__media__thumbnail ee-media__thumbnail\"><img width=\"800\" height=\"638\" src=\"https:\/\/www.bluemater.com\/wp-content\/uploads\/2019\/05\/transparente3.png\" class=\"attachment-large size-large\" alt=\"\" \/><\/div><div class=\"ee-post__media__overlay ee-media__overlay\"><\/div><\/a><!-- .ee-post__media --><div class=\"ee-post__body ee-post__area\"><a href=\"https:\/\/www.bluemater.com\/pt-pt\/equipment\/fotobiorreactor-green-dune\/\" class=\"ee-post__title\">\n\t\t\t<h2 class=\"ee-post__title__heading\">Fotobiorreactor GREEN DUNE<sup>\u00ae<\/sup><\/h2>\n\t\t<\/a><div class=\"ee-post__excerpt\">O GREEN DUNE\u00ae tem forma prism\u00e1tica para a cultura de microalgas que garante uma afina\u00e7\u00e3o final altamente eficiente do efluente em ETAR, podendo tamb\u00e9m ser usado na biorremedia\u00e7\u00e3o, captura de CO2 ou cultura de algas.<\/div><\/div><!-- .ee-post__body --><\/article><!-- .ee-post --><\/div><!-- .ee-loop__item --><div class=\"ee-grid__item ee-loop__item ee-filter-1\"><article class=\"ee-post post-1694 equipment type-equipment status-publish has-post-thumbnail hentry equipments_cat-aguas-residuais equipments_cat-biorremediacao\"><a class=\"ee-media ee-post__media\" href=\"https:\/\/www.bluemater.com\/pt-pt\/equipment\/cork-floating-island\/\"><div class=\"ee-post__media__thumbnail ee-media__thumbnail\"><img width=\"712\" height=\"532\" src=\"https:\/\/www.bluemater.com\/wp-content\/uploads\/2019\/04\/cork-destaque.jpg\" class=\"attachment-large size-large\" alt=\"cork floating island - water pollution eco-efficient solutions\" \/><\/div><div class=\"ee-post__media__overlay ee-media__overlay\"><\/div><\/a><!-- .ee-post__media --><div class=\"ee-post__body ee-post__area\"><a href=\"https:\/\/www.bluemater.com\/pt-pt\/equipment\/cork-floating-island\/\" class=\"ee-post__title\">\n\t\t\t<h2 class=\"ee-post__title__heading\">Cork Floating Island<sup>\u00ae<\/sup><\/h2>\n\t\t<\/a><div class=\"ee-post__excerpt\">Desenvolvida pela Bluemater em colabora\u00e7\u00e3o com a Amorim Cork Composites, a CORK FLOATING ISLAND\u00ae \u00e9 especialmente concebida para a biorremedia\u00e7\u00e3o em zonas h\u00famidas, rios e barragens, mas tamb\u00e9m pode ser utilizada no tratamento biol\u00f3gico em sistemas de lagunagem e de Fito-ETAR.<\/div><\/div><!-- .ee-post__body --><\/article><!-- .ee-post --><\/div><!-- .ee-loop__item --><div class=\"ee-grid__item ee-loop__item ee-filter-1\"><article class=\"ee-post post-1737 equipment type-equipment status-publish has-post-thumbnail hentry equipments_cat-aguas-potaveis\"><a class=\"ee-media ee-post__media\" href=\"https:\/\/www.bluemater.com\/pt-pt\/equipment\/osmose-inversa\/\"><div class=\"ee-post__media__thumbnail ee-media__thumbnail\"><img width=\"712\" height=\"532\" src=\"https:\/\/www.bluemater.com\/wp-content\/uploads\/2019\/05\/bluemater-reverse-osmosis.png\" class=\"attachment-large size-large\" alt=\"reverse osmosis\" \/><\/div><div class=\"ee-post__media__overlay ee-media__overlay\"><\/div><\/a><!-- .ee-post__media --><div class=\"ee-post__body ee-post__area\"><a href=\"https:\/\/www.bluemater.com\/pt-pt\/equipment\/osmose-inversa\/\" class=\"ee-post__title\">\n\t\t\t<h2 class=\"ee-post__title__heading\">Sistemas de Osmose Inversa<\/h2>\n\t\t<\/a><div class=\"ee-post__excerpt\">A Bluemater oferece sistemas de osmose inversa personalizados de alta qualidade para dessaliniza\u00e7\u00e3o de \u00e1gua salgada ou salobra e tratamento de \u00e1guas residuais industriais altamente polu\u00eddas, como os lixiviados de aterros sanit\u00e1rios.<\/div><\/div><!-- .ee-post__body --><\/article><!-- .ee-post --><\/div><!-- .ee-loop__item --><div class=\"ee-grid__item ee-loop__item ee-filter-1\"><article class=\"ee-post post-1790 equipment type-equipment status-publish has-post-thumbnail hentry equipments_cat-aguas-potaveis\"><a class=\"ee-media ee-post__media\" href=\"https:\/\/www.bluemater.com\/pt-pt\/equipment\/x-line-ultrafiltration\/\"><div class=\"ee-post__media__thumbnail ee-media__thumbnail\"><img width=\"712\" height=\"532\" src=\"https:\/\/www.bluemater.com\/wp-content\/uploads\/2019\/05\/ultra-destaque.jpg\" class=\"attachment-large size-large\" alt=\"\" \/><\/div><div class=\"ee-post__media__overlay ee-media__overlay\"><\/div><\/a><!-- .ee-post__media --><div class=\"ee-post__body ee-post__area\"><a href=\"https:\/\/www.bluemater.com\/pt-pt\/equipment\/x-line-ultrafiltration\/\" class=\"ee-post__title\">\n\t\t\t<h2 class=\"ee-post__title__heading\">X-Line Ultrafiltration<\/h2>\n\t\t<\/a><div class=\"ee-post__excerpt\">A Bluemater desenvolve e instala solu\u00e7\u00f5es de tratamento modular compactas de\r\nultrafiltra\u00e7\u00e3o.<\/div><\/div><!-- .ee-post__body --><\/article><!-- .ee-post --><\/div><!-- .ee-loop__item --><\/div><!-- .ee-loop -->\t\t<\/div>\n\t\t\t\t<\/div>\n\t\t\t\t\t\t<\/div>\n\t\t\t\t\t<\/div>\n\t\t<\/div>\n\t\t\t\t\t\t\t\t<\/div>\n\t\t\t\t\t<\/div>\n\t\t<\/section>\n\t\t\t\t\t\t<\/div>\n\t\t\t\t\t\t<\/div>\n\t\t\t\t\t<\/div>\n\t\t","protected":false},"excerpt":{"rendered":"<p>EQUIPAMENTOS ALGAMATER\u00ae WWTP ALGAMATER\u00ae wastewater treatment plant (WWTP) was designed by Bluemater to treat highly concentrated landfill leachates and industrial wastewaters. VULCAN\u00ae Flotator The VULCAN\u00ae Flotator incorporates an innovative foam liquefying system. It has been designed to avoid chemical usage. It can be effectively applied for sludge flotation, for Advanced Oxidation Processes (AOP) with ozone [&hellip;]<\/p>\n","protected":false},"author":1,"featured_media":1306,"parent":0,"menu_order":20,"comment_status":"closed","ping_status":"closed","template":"","meta":[],"acf":[],"_links":{"self":[{"href":"https:\/\/www.bluemater.com\/pt-pt\/wp-json\/wp\/v2\/pages\/1305"}],"collection":[{"href":"https:\/\/www.bluemater.com\/pt-pt\/wp-json\/wp\/v2\/pages"}],"about":[{"href":"https:\/\/www.bluemater.com\/pt-pt\/wp-json\/wp\/v2\/types\/page"}],"author":[{"embeddable":true,"href":"https:\/\/www.bluemater.com\/pt-pt\/wp-json\/wp\/v2\/users\/1"}],"replies":[{"embeddable":true,"href":"https:\/\/www.bluemater.com\/pt-pt\/wp-json\/wp\/v2\/comments?post=1305"}],"version-history":[{"count":14,"href":"https:\/\/www.bluemater.com\/pt-pt\/wp-json\/wp\/v2\/pages\/1305\/revisions"}],"predecessor-version":[{"id":2081,"href":"https:\/\/www.bluemater.com\/pt-pt\/wp-json\/wp\/v2\/pages\/1305\/revisions\/2081"}],"wp:featuredmedia":[{"embeddable":true,"href":"https:\/\/www.bluemater.com\/pt-pt\/wp-json\/wp\/v2\/media\/1306"}],"wp:attachment":[{"href":"https:\/\/www.bluemater.com\/pt-pt\/wp-json\/wp\/v2\/media?parent=1305"}],"curies":[{"name":"wp","href":"https:\/\/api.w.org\/{rel}","templated":true}]}}