{"id":2133,"date":"2019-08-16T22:02:20","date_gmt":"2019-08-16T22:02:20","guid":{"rendered":"https:\/\/www.bluemater.com\/company\/"},"modified":"2019-08-16T22:02:22","modified_gmt":"2019-08-16T22:02:22","slug":"company","status":"publish","type":"page","link":"https:\/\/www.bluemater.com\/pt-pt\/company\/","title":{"rendered":"Quem Somos"},"content":{"rendered":"\t\t<div data-elementor-type=\"wp-post\" data-elementor-id=\"2133\" class=\"elementor elementor-2133 elementor-15\" data-elementor-settings=\"[]\">\n\t\t\t\t\t\t<div class=\"elementor-inner\">\n\t\t\t\t\t\t\t<div class=\"elementor-section-wrap\">\n\t\t\t\t\t\t\t<section class=\"elementor-section elementor-top-section elementor-element elementor-element-07ff6f5 elementor-section-content-middle elementor-section-boxed elementor-section-height-default elementor-section-height-default\" data-id=\"07ff6f5\" data-element_type=\"section\" data-settings=\"{&quot;background_background&quot;:&quot;classic&quot;}\">\n\t\t\t\t\t\t\t<div class=\"elementor-background-overlay\"><\/div>\n\t\t\t\t\t\t\t<div class=\"elementor-container elementor-column-gap-no\">\n\t\t\t\t\t\t\t<div class=\"elementor-row\">\n\t\t\t\t\t<div class=\"elementor-column elementor-col-100 elementor-top-column elementor-element elementor-element-a05fd24\" data-id=\"a05fd24\" data-element_type=\"column\">\n\t\t\t<div class=\"elementor-column-wrap elementor-element-populated\">\n\t\t\t\t\t\t\t<div class=\"elementor-widget-wrap\">\n\t\t\t\t\t\t<div class=\"elementor-element elementor-element-2b89c95 elementor-widget elementor-widget-text-editor\" data-id=\"2b89c95\" data-element_type=\"widget\" data-widget_type=\"text-editor.default\">\n\t\t\t\t<div class=\"elementor-widget-container\">\n\t\t\t\t\t\t\t\t<div class=\"elementor-text-editor elementor-clearfix\">\n\t\t\t\t<p><b>A Bluemater oferece solu\u00e7\u00f5es de tratamento de \u00e1gua inovadoras para o fornecimento de \u00e1gua pot\u00e1vel \u00e0s popula\u00e7\u00f5es e para o tratamento sustent\u00e1vel das \u00e1guas residuais, protegendo em simult\u00e2neo o meio ambiente.<\/b><\/p>\n\t\t\t\t\t<\/div>\n\t\t\t\t\t\t<\/div>\n\t\t\t\t<\/div>\n\t\t\t\t<section class=\"elementor-section elementor-inner-section elementor-element elementor-element-515a020 elementor-section-boxed elementor-section-height-default elementor-section-height-default\" data-id=\"515a020\" data-element_type=\"section\">\n\t\t\t\t\t\t<div class=\"elementor-container elementor-column-gap-default\">\n\t\t\t\t\t\t\t<div class=\"elementor-row\">\n\t\t\t\t\t<div class=\"elementor-column elementor-col-50 elementor-inner-column elementor-element elementor-element-145621e\" data-id=\"145621e\" data-element_type=\"column\">\n\t\t\t<div class=\"elementor-column-wrap elementor-element-populated\">\n\t\t\t\t\t\t\t<div class=\"elementor-widget-wrap\">\n\t\t\t\t\t\t<div class=\"elementor-element elementor-element-ba2af55 elementor-widget elementor-widget-text-editor\" data-id=\"ba2af55\" data-element_type=\"widget\" data-widget_type=\"text-editor.default\">\n\t\t\t\t<div class=\"elementor-widget-container\">\n\t\t\t\t\t\t\t\t<div class=\"elementor-text-editor elementor-clearfix\">\n\t\t\t\t<p>O portf\u00f3lio de produtos da Bluemater oferece solu\u00e7\u00f5es para v\u00e1rios problemas ligados \u00e0 polui\u00e7\u00e3o da \u00e1gua e do ar. Oferecemos tecnologias de tratamento de \u00e1gua, \u00e1guas residuais, gases e<br \/>\nodores, para empresas, organismos p\u00fablicos e ind\u00fastrias.<\/p>\n<p>Todas as solu\u00e7\u00f5es da Bluemater s\u00e3o baseadas em tratamentos biol\u00f3gicos sustent\u00e1veis e s\u00e3o feitas \u00e0 medida das necessidades de cada cliente. A funcionalidade \u00e9 o foco da nossa atividade de I&amp;DT, e as nossas solu\u00e7\u00f5es tecnol\u00f3gicas t\u00eam em considera\u00e7\u00e3o<br \/>\na optimiza\u00e7\u00e3o da efici\u00eancia de instala\u00e7\u00e3o dos equipamentos e dos custos operacionais.<\/p>\n\t\t\t\t\t<\/div>\n\t\t\t\t\t\t<\/div>\n\t\t\t\t<\/div>\n\t\t\t\t\t\t<\/div>\n\t\t\t\t\t<\/div>\n\t\t<\/div>\n\t\t\t\t<div class=\"elementor-column elementor-col-50 elementor-inner-column elementor-element elementor-element-53b4dcd\" data-id=\"53b4dcd\" data-element_type=\"column\">\n\t\t\t<div class=\"elementor-column-wrap elementor-element-populated\">\n\t\t\t\t\t\t\t<div class=\"elementor-widget-wrap\">\n\t\t\t\t\t\t<div class=\"elementor-element elementor-element-6dc6a61 elementor-widget elementor-widget-text-editor\" data-id=\"6dc6a61\" data-element_type=\"widget\" data-widget_type=\"text-editor.default\">\n\t\t\t\t<div class=\"elementor-widget-container\">\n\t\t\t\t\t\t\t\t<div class=\"elementor-text-editor elementor-clearfix\">\n\t\t\t\t\t\t\t\t\t<\/div>\n\t\t\t\t\t\t<\/div>\n\t\t\t\t<\/div>\n\t\t\t\t\t\t<\/div>\n\t\t\t\t\t<\/div>\n\t\t<\/div>\n\t\t\t\t\t\t\t\t<\/div>\n\t\t\t\t\t<\/div>\n\t\t<\/section>\n\t\t\t\t\t\t<\/div>\n\t\t\t\t\t<\/div>\n\t\t<\/div>\n\t\t\t\t\t\t\t\t<\/div>\n\t\t\t\t\t<\/div>\n\t\t<\/section>\n\t\t\t\t<section class=\"elementor-section elementor-top-section elementor-element elementor-element-64b7514 elementor-section-boxed elementor-section-height-default elementor-section-height-default\" data-id=\"64b7514\" data-element_type=\"section\">\n\t\t\t\t\t\t<div class=\"elementor-container elementor-column-gap-default\">\n\t\t\t\t\t\t\t<div class=\"elementor-row\">\n\t\t\t\t\t<div class=\"elementor-column elementor-col-50 elementor-top-column elementor-element elementor-element-968562d\" data-id=\"968562d\" data-element_type=\"column\">\n\t\t\t<div class=\"elementor-column-wrap elementor-element-populated\">\n\t\t\t\t\t\t\t<div class=\"elementor-widget-wrap\">\n\t\t\t\t\t\t<div class=\"elementor-element elementor-element-3f3e59e elementor-widget__width-initial elementor-widget elementor-widget-heading\" data-id=\"3f3e59e\" data-element_type=\"widget\" data-widget_type=\"heading.default\">\n\t\t\t\t<div class=\"elementor-widget-container\">\n\t\t\t<h1 class=\"elementor-heading-title elementor-size-xxl\">PLANET EARTH IS BLUE AND THERE\u2019S A LOT WE CAN DO<\/h1>\t\t<\/div>\n\t\t\t\t<\/div>\n\t\t\t\t\t\t<\/div>\n\t\t\t\t\t<\/div>\n\t\t<\/div>\n\t\t\t\t<div class=\"elementor-column elementor-col-50 elementor-top-column elementor-element elementor-element-ba3fe03\" data-id=\"ba3fe03\" data-element_type=\"column\">\n\t\t\t<div class=\"elementor-column-wrap\">\n\t\t\t\t\t\t\t<div class=\"elementor-widget-wrap\">\n\t\t\t\t\t\t\t\t<\/div>\n\t\t\t\t\t<\/div>\n\t\t<\/div>\n\t\t\t\t\t\t\t\t<\/div>\n\t\t\t\t\t<\/div>\n\t\t<\/section>\n\t\t\t\t<section class=\"elementor-section elementor-top-section elementor-element elementor-element-35cba6b3 elementor-section-content-middle elementor-section-boxed elementor-section-height-default elementor-section-height-default\" data-id=\"35cba6b3\" data-element_type=\"section\">\n\t\t\t\t\t\t<div class=\"elementor-container elementor-column-gap-no\">\n\t\t\t\t\t\t\t<div class=\"elementor-row\">\n\t\t\t\t\t<div class=\"elementor-column elementor-col-100 elementor-top-column elementor-element elementor-element-72ef039\" data-id=\"72ef039\" data-element_type=\"column\">\n\t\t\t<div class=\"elementor-column-wrap elementor-element-populated\">\n\t\t\t\t\t\t\t<div class=\"elementor-widget-wrap\">\n\t\t\t\t\t\t<div class=\"elementor-element elementor-element-3a1955e9 elementor-widget elementor-widget-heading\" data-id=\"3a1955e9\" data-element_type=\"widget\" data-widget_type=\"heading.default\">\n\t\t\t\t<div class=\"elementor-widget-container\">\n\t\t\t<h4 class=\"elementor-heading-title elementor-size-xl\">Driving technology for leading brands<\/h4>\t\t<\/div>\n\t\t\t\t<\/div>\n\t\t\t\t<div class=\"elementor-element elementor-element-f9a2904 elementor-widget elementor-widget-spacer\" data-id=\"f9a2904\" data-element_type=\"widget\" data-widget_type=\"spacer.default\">\n\t\t\t\t<div class=\"elementor-widget-container\">\n\t\t\t\t\t<div class=\"elementor-spacer\">\n\t\t\t<div class=\"elementor-spacer-inner\"><\/div>\n\t\t<\/div>\n\t\t\t\t<\/div>\n\t\t\t\t<\/div>\n\t\t\t\t<div class=\"elementor-element elementor-element-38d70fb elementor-widget elementor-widget-heading\" data-id=\"38d70fb\" data-element_type=\"widget\" data-widget_type=\"heading.default\">\n\t\t\t\t<div class=\"elementor-widget-container\">\n\t\t\t<h3 class=\"elementor-heading-title elementor-size-large\">Os nossos parceiros<\/h3>\t\t<\/div>\n\t\t\t\t<\/div>\n\t\t\t\t<div class=\"elementor-element elementor-element-6318aef elementor-widget elementor-widget-image-gallery\" data-id=\"6318aef\" data-element_type=\"widget\" data-widget_type=\"image-gallery.default\">\n\t\t\t\t<div class=\"elementor-widget-container\">\n\t\t\t\t\t<div class=\"elementor-image-gallery\">\n\t\t\t<div id='gallery-1' class='gallery galleryid-2133 gallery-columns-5 gallery-size-full'><figure class='gallery-item'>\n\t\t\t<div class='gallery-icon landscape'>\n\t\t\t\t<img width=\"438\" height=\"324\" src=\"https:\/\/www.bluemater.com\/wp-content\/uploads\/2019\/04\/EDP.png\" class=\"attachment-full size-full\" alt=\"edp - partner of bluemater\" srcset=\"https:\/\/www.bluemater.com\/wp-content\/uploads\/2019\/04\/EDP.png 438w, https:\/\/www.bluemater.com\/wp-content\/uploads\/2019\/04\/EDP-300x222.png 300w\" sizes=\"(max-width: 438px) 100vw, 438px\" \/>\n\t\t\t<\/div><\/figure><figure class='gallery-item'>\n\t\t\t<div class='gallery-icon landscape'>\n\t\t\t\t<img width=\"438\" height=\"324\" src=\"https:\/\/www.bluemater.com\/wp-content\/uploads\/2019\/06\/inegi.png\" class=\"attachment-full size-full\" alt=\"inegi - partner of bluemater\" srcset=\"https:\/\/www.bluemater.com\/wp-content\/uploads\/2019\/06\/inegi.png 438w, https:\/\/www.bluemater.com\/wp-content\/uploads\/2019\/06\/inegi-300x222.png 300w\" sizes=\"(max-width: 438px) 100vw, 438px\" \/>\n\t\t\t<\/div><\/figure><figure class='gallery-item'>\n\t\t\t<div class='gallery-icon landscape'>\n\t\t\t\t<img width=\"438\" height=\"324\" src=\"https:\/\/www.bluemater.com\/wp-content\/uploads\/2019\/04\/Ual.png\" class=\"attachment-full size-full\" alt=\"UAlg - partner of bluemater\" srcset=\"https:\/\/www.bluemater.com\/wp-content\/uploads\/2019\/04\/Ual.png 438w, https:\/\/www.bluemater.com\/wp-content\/uploads\/2019\/04\/Ual-300x222.png 300w\" sizes=\"(max-width: 438px) 100vw, 438px\" \/>\n\t\t\t<\/div><\/figure><figure class='gallery-item'>\n\t\t\t<div class='gallery-icon landscape'>\n\t\t\t\t<img width=\"438\" height=\"324\" src=\"https:\/\/www.bluemater.com\/wp-content\/uploads\/2019\/04\/AMORIM.png\" class=\"attachment-full size-full\" alt=\"amorim - partner of\" srcset=\"https:\/\/www.bluemater.com\/wp-content\/uploads\/2019\/04\/AMORIM.png 438w, https:\/\/www.bluemater.com\/wp-content\/uploads\/2019\/04\/AMORIM-300x222.png 300w\" sizes=\"(max-width: 438px) 100vw, 438px\" \/>\n\t\t\t<\/div><\/figure><figure class='gallery-item'>\n\t\t\t<div class='gallery-icon landscape'>\n\t\t\t\t<img width=\"438\" height=\"324\" src=\"https:\/\/www.bluemater.com\/wp-content\/uploads\/2019\/04\/cibio.png\" class=\"attachment-full size-full\" alt=\"cibio - partner of bluemater\" srcset=\"https:\/\/www.bluemater.com\/wp-content\/uploads\/2019\/04\/cibio.png 438w, https:\/\/www.bluemater.com\/wp-content\/uploads\/2019\/04\/cibio-300x222.png 300w\" sizes=\"(max-width: 438px) 100vw, 438px\" \/>\n\t\t\t<\/div><\/figure><figure class='gallery-item'>\n\t\t\t<div class='gallery-icon landscape'>\n\t\t\t\t<img width=\"438\" height=\"324\" src=\"https:\/\/www.bluemater.com\/wp-content\/uploads\/2019\/04\/UA.png\" class=\"attachment-full size-full\" alt=\"universidade de aveiro - partner of bluemater\" srcset=\"https:\/\/www.bluemater.com\/wp-content\/uploads\/2019\/04\/UA.png 438w, https:\/\/www.bluemater.com\/wp-content\/uploads\/2019\/04\/UA-300x222.png 300w\" sizes=\"(max-width: 438px) 100vw, 438px\" \/>\n\t\t\t<\/div><\/figure><figure class='gallery-item'>\n\t\t\t<div class='gallery-icon landscape'>\n\t\t\t\t<img width=\"438\" height=\"324\" src=\"https:\/\/www.bluemater.com\/wp-content\/uploads\/2019\/04\/up.png\" class=\"attachment-full size-full\" alt=\"u.porto - partner of bluemater\" srcset=\"https:\/\/www.bluemater.com\/wp-content\/uploads\/2019\/04\/up.png 438w, https:\/\/www.bluemater.com\/wp-content\/uploads\/2019\/04\/up-300x222.png 300w\" sizes=\"(max-width: 438px) 100vw, 438px\" \/>\n\t\t\t<\/div><\/figure><figure class='gallery-item'>\n\t\t\t<div class='gallery-icon landscape'>\n\t\t\t\t<img width=\"438\" height=\"324\" src=\"https:\/\/www.bluemater.com\/wp-content\/uploads\/2019\/04\/UT.png\" class=\"attachment-full size-full\" alt=\"universit\u00e9 toulouse - partner of bluemater\" srcset=\"https:\/\/www.bluemater.com\/wp-content\/uploads\/2019\/04\/UT.png 438w, https:\/\/www.bluemater.com\/wp-content\/uploads\/2019\/04\/UT-300x222.png 300w\" sizes=\"(max-width: 438px) 100vw, 438px\" \/>\n\t\t\t<\/div><\/figure><figure class='gallery-item'>\n\t\t\t<div class='gallery-icon landscape'>\n\t\t\t\t<img width=\"438\" height=\"324\" src=\"https:\/\/www.bluemater.com\/wp-content\/uploads\/2019\/04\/ciimar.png\" class=\"attachment-full size-full\" alt=\"ciimar - partner of bluemater\" srcset=\"https:\/\/www.bluemater.com\/wp-content\/uploads\/2019\/04\/ciimar.png 438w, https:\/\/www.bluemater.com\/wp-content\/uploads\/2019\/04\/ciimar-300x222.png 300w\" sizes=\"(max-width: 438px) 100vw, 438px\" \/>\n\t\t\t<\/div><\/figure>\n\t\t<\/div>\n\t\t<\/div>\n\t\t\t\t<\/div>\n\t\t\t\t<\/div>\n\t\t\t\t\t\t<\/div>\n\t\t\t\t\t<\/div>\n\t\t<\/div>\n\t\t\t\t\t\t\t\t<\/div>\n\t\t\t\t\t<\/div>\n\t\t<\/section>\n\t\t\t\t\t\t<\/div>\n\t\t\t\t\t\t<\/div>\n\t\t\t\t\t<\/div>\n\t\t","protected":false},"excerpt":{"rendered":"<p>A Bluemater oferece solu\u00e7\u00f5es de tratamento de \u00e1gua inovadoras para o fornecimento de \u00e1gua pot\u00e1vel \u00e0s popula\u00e7\u00f5es e para o tratamento sustent\u00e1vel das \u00e1guas residuais, protegendo em simult\u00e2neo o meio ambiente. O portf\u00f3lio de produtos da Bluemater oferece solu\u00e7\u00f5es para v\u00e1rios problemas ligados \u00e0 polui\u00e7\u00e3o da \u00e1gua e do ar. Oferecemos tecnologias de tratamento de [&hellip;]<\/p>\n","protected":false},"author":1,"featured_media":0,"parent":0,"menu_order":0,"comment_status":"closed","ping_status":"closed","template":"","meta":[],"acf":[],"_links":{"self":[{"href":"https:\/\/www.bluemater.com\/pt-pt\/wp-json\/wp\/v2\/pages\/2133"}],"collection":[{"href":"https:\/\/www.bluemater.com\/pt-pt\/wp-json\/wp\/v2\/pages"}],"about":[{"href":"https:\/\/www.bluemater.com\/pt-pt\/wp-json\/wp\/v2\/types\/page"}],"author":[{"embeddable":true,"href":"https:\/\/www.bluemater.com\/pt-pt\/wp-json\/wp\/v2\/users\/1"}],"replies":[{"embeddable":true,"href":"https:\/\/www.bluemater.com\/pt-pt\/wp-json\/wp\/v2\/comments?post=2133"}],"version-history":[{"count":1,"href":"https:\/\/www.bluemater.com\/pt-pt\/wp-json\/wp\/v2\/pages\/2133\/revisions"}],"predecessor-version":[{"id":2134,"href":"https:\/\/www.bluemater.com\/pt-pt\/wp-json\/wp\/v2\/pages\/2133\/revisions\/2134"}],"wp:attachment":[{"href":"https:\/\/www.bluemater.com\/pt-pt\/wp-json\/wp\/v2\/media?parent=2133"}],"curies":[{"name":"wp","href":"https:\/\/api.w.org\/{rel}","templated":true}]}}